{"id":729,"date":"2018-11-17T16:25:17","date_gmt":"2018-11-17T14:25:17","guid":{"rendered":"https:\/\/ymca.fi\/lahjoituskauppa\/?post_type=product&#038;p=729"},"modified":"2024-03-25T14:01:28","modified_gmt":"2024-03-25T12:01:28","slug":"tue-toimintaamme","status":"publish","type":"product","link":"https:\/\/ymca.fi\/lahjoituskauppa\/tuote\/tue-toimintaamme\/","title":{"rendered":"Tue ukrainalaisten auttamista Suomessa"},"content":{"rendered":"<div class=\"wpb_text_column wpb_content_element \">\n<div class=\"wpb_wrapper\">\n<p>Lahjoita ukrainalaisille pakolaisille tarjottavaan avustusty\u00f6h\u00f6n Suomessa. Ty\u00f6t\u00e4 toteutetaan Suomen YMCA\/ NMKY:n Liiton ja sen paikallisyhdistysten kautta. Varoilla tuetaan majoittautumista ja saapuneiden muita perustarpeita sek\u00e4 helpotetaan heid\u00e4n integroitumistaan yhteiskuntaan muun muassa kielitaitoa tukevilla kursseille ja ty\u00f6llisyytt\u00e4 edist\u00e4vin toimenpitein.<\/p>\n<\/div>\n<\/div>\n","protected":false},"excerpt":{"rendered":"<p>Lahjoita ukrainalaisille pakolaisille tarjottavaan avustusty\u00f6h\u00f6n Suomessa. Ty\u00f6t\u00e4 toteutetaan Suomen YMCA\/ NMKY:n Liiton ja sen paikallisyhdistysten kautta. Varoilla tuetaan majoittautumista ja saapuneiden muita perustarpeita sek\u00e4 helpotetaan heid\u00e4n integroitumistaan yhteiskuntaan muun muassa kielitaitoa tukevilla kursseille ja ty\u00f6llisyytt\u00e4 edist\u00e4vin toimenpitein.<\/p>\n","protected":false},"featured_media":1146,"template":"","meta":[],"product_cat":[47],"product_tag":[],"_links":{"self":[{"href":"https:\/\/ymca.fi\/lahjoituskauppa\/wp-json\/wp\/v2\/product\/729"}],"collection":[{"href":"https:\/\/ymca.fi\/lahjoituskauppa\/wp-json\/wp\/v2\/product"}],"about":[{"href":"https:\/\/ymca.fi\/lahjoituskauppa\/wp-json\/wp\/v2\/types\/product"}],"wp:featuredmedia":[{"embeddable":true,"href":"https:\/\/ymca.fi\/lahjoituskauppa\/wp-json\/wp\/v2\/media\/1146"}],"wp:attachment":[{"href":"https:\/\/ymca.fi\/lahjoituskauppa\/wp-json\/wp\/v2\/media?parent=729"}],"wp:term":[{"taxonomy":"product_cat","embeddable":true,"href":"https:\/\/ymca.fi\/lahjoituskauppa\/wp-json\/wp\/v2\/product_cat?post=729"},{"taxonomy":"product_tag","embeddable":true,"href":"https:\/\/ymca.fi\/lahjoituskauppa\/wp-json\/wp\/v2\/product_tag?post=729"}],"curies":[{"name":"wp","href":"https:\/\/api.w.org\/{rel}","templated":true}]}}