{"id":1780,"date":"2025-01-23T16:10:23","date_gmt":"2025-01-23T14:10:23","guid":{"rendered":"https:\/\/ymca.fi\/lahjoituskauppa\/?post_type=product&#038;p=1780"},"modified":"2025-01-24T12:01:24","modified_gmt":"2025-01-24T10:01:24","slug":"tue-perheita-gaza","status":"publish","type":"product","link":"https:\/\/ymca.fi\/lahjoituskauppa\/tuote\/tue-perheita-gaza\/","title":{"rendered":"Tue perheit\u00e4 Gazassa"},"content":{"rendered":"<h1>Tue perheit\u00e4 Gazassa<\/h1>\n<p>Lahjoita humanitaariseen avustusty\u00f6h\u00f6n Gazassa. Tukemalla perheit\u00e4 Gazassa mahdollistat h\u00e4t\u00e4avun, kuten ruoka- ja l\u00e4\u00e4ketarvikkeiden sek\u00e4 muiden el\u00e4miseen v\u00e4ltt\u00e4m\u00e4tt\u00f6mien perustarvikkeiden, jakelun paikan p\u00e4\u00e4ll\u00e4.<\/p>\n<p>Ty\u00f6t\u00e4 ja avustuksia koordinoi Gazan YMCA, joka on toiminut alueella yli 75 vuotta.<\/p>\n<p>Lahjoita 30 \u20ac tai haluamasi summa.<\/p>\n","protected":false},"excerpt":{"rendered":"<h1>Tue perheit\u00e4 Gazassa<\/h1>\n<p>Lahjoita humanitaariseen avustusty\u00f6h\u00f6n Gazassa. Tukemalla perheit\u00e4 Gazassa mahdollistat h\u00e4t\u00e4avun, kuten ruoka- ja l\u00e4\u00e4ketarvikkeiden sek\u00e4 muiden el\u00e4miseen v\u00e4ltt\u00e4m\u00e4tt\u00f6mien perustarvikkeiden, jakelun paikan p\u00e4\u00e4ll\u00e4.<\/p>\n<p>Ty\u00f6t\u00e4 ja avustuksia koordinoi Gazan YMCA, joka on toiminut alueella yli 75 vuotta.<\/p>\n<p>Lahjoita 30 \u20ac tai haluamasi summa.<\/p>\n","protected":false},"featured_media":1778,"template":"","meta":[],"product_cat":[58],"product_tag":[],"_links":{"self":[{"href":"https:\/\/ymca.fi\/lahjoituskauppa\/wp-json\/wp\/v2\/product\/1780"}],"collection":[{"href":"https:\/\/ymca.fi\/lahjoituskauppa\/wp-json\/wp\/v2\/product"}],"about":[{"href":"https:\/\/ymca.fi\/lahjoituskauppa\/wp-json\/wp\/v2\/types\/product"}],"wp:featuredmedia":[{"embeddable":true,"href":"https:\/\/ymca.fi\/lahjoituskauppa\/wp-json\/wp\/v2\/media\/1778"}],"wp:attachment":[{"href":"https:\/\/ymca.fi\/lahjoituskauppa\/wp-json\/wp\/v2\/media?parent=1780"}],"wp:term":[{"taxonomy":"product_cat","embeddable":true,"href":"https:\/\/ymca.fi\/lahjoituskauppa\/wp-json\/wp\/v2\/product_cat?post=1780"},{"taxonomy":"product_tag","embeddable":true,"href":"https:\/\/ymca.fi\/lahjoituskauppa\/wp-json\/wp\/v2\/product_tag?post=1780"}],"curies":[{"name":"wp","href":"https:\/\/api.w.org\/{rel}","templated":true}]}}