{"id":1727,"date":"2024-10-02T08:40:15","date_gmt":"2024-10-02T05:40:15","guid":{"rendered":"https:\/\/ymca.fi\/lahjoituskauppa\/?post_type=product&#038;p=1727"},"modified":"2025-01-24T12:02:41","modified_gmt":"2025-01-24T10:02:41","slug":"tue-perheita-libanonissa","status":"publish","type":"product","link":"https:\/\/ymca.fi\/lahjoituskauppa\/tuote\/tue-perheita-libanonissa\/","title":{"rendered":"Tue perheit\u00e4 Libanonissa"},"content":{"rendered":"<h1><strong>Tue perheit\u00e4 Libanonissa<\/strong><\/h1>\n<p>Lahjoita humanitaariseen avustusty\u00f6h\u00f6n Libanonissa. L\u00e4hi-id\u00e4n kriisi on ajanut arviolta miljoona ihmist\u00e4 liikkeelle maan sis\u00e4ll\u00e4. Tukemalla perheit\u00e4 Libanonissa mahdollistat h\u00e4t\u00e4avun, kuten ruoka- ja l\u00e4\u00e4ketarvikkeiden sek\u00e4 muiden el\u00e4miseen tarvittavien perustarvikkeiden, jakelun paikan p\u00e4\u00e4ll\u00e4. Lahjoituksellasi tuetaan libanonilaisten selviytymist\u00e4 sek\u00e4 autetaan akuutista kriisist\u00e4 toipumisessa, kuten tarjoamalla psykososiaalista tukea.<\/p>\n<p>Ty\u00f6t\u00e4 ja avustuksia koordinoi Libanonin YMCA, joka on Suomen NMKY:n Liiton pitk\u00e4aikainen kumppani.<\/p>\n<p>Lahjoita 30 \u20ac tai haluamasi summa.<\/p>\n","protected":false},"excerpt":{"rendered":"<h1><strong>Tue perheit\u00e4 Libanonissa<\/strong><\/h1>\n<p>Lahjoita humanitaariseen avustusty\u00f6h\u00f6n Libanonissa. L\u00e4hi-id\u00e4n kriisi on ajanut arviolta miljoona ihmist\u00e4 liikkeelle maan sis\u00e4ll\u00e4. Tukemalla perheit\u00e4 Libanonissa mahdollistat h\u00e4t\u00e4avun, kuten ruoka- ja l\u00e4\u00e4ketarvikkeiden sek\u00e4 muiden el\u00e4miseen tarvittavien perustarvikkeiden, jakelun paikan p\u00e4\u00e4ll\u00e4. Lahjoituksellasi tuetaan libanonilaisten selviytymist\u00e4 sek\u00e4 autetaan akuutista kriisist\u00e4 toipumisessa, kuten tarjoamalla psykososiaalista tukea.<\/p>\n<p>Ty\u00f6t\u00e4 ja avustuksia koordinoi Libanonin YMCA, joka on Suomen NMKY:n Liiton pitk\u00e4aikainen kumppani.<\/p>\n<p>Lahjoita 30 \u20ac tai haluamasi summa.<\/p>\n<p>&nbsp;<\/p>\n","protected":false},"featured_media":1779,"template":"","meta":[],"product_cat":[48],"product_tag":[],"_links":{"self":[{"href":"https:\/\/ymca.fi\/lahjoituskauppa\/wp-json\/wp\/v2\/product\/1727"}],"collection":[{"href":"https:\/\/ymca.fi\/lahjoituskauppa\/wp-json\/wp\/v2\/product"}],"about":[{"href":"https:\/\/ymca.fi\/lahjoituskauppa\/wp-json\/wp\/v2\/types\/product"}],"wp:featuredmedia":[{"embeddable":true,"href":"https:\/\/ymca.fi\/lahjoituskauppa\/wp-json\/wp\/v2\/media\/1779"}],"wp:attachment":[{"href":"https:\/\/ymca.fi\/lahjoituskauppa\/wp-json\/wp\/v2\/media?parent=1727"}],"wp:term":[{"taxonomy":"product_cat","embeddable":true,"href":"https:\/\/ymca.fi\/lahjoituskauppa\/wp-json\/wp\/v2\/product_cat?post=1727"},{"taxonomy":"product_tag","embeddable":true,"href":"https:\/\/ymca.fi\/lahjoituskauppa\/wp-json\/wp\/v2\/product_tag?post=1727"}],"curies":[{"name":"wp","href":"https:\/\/api.w.org\/{rel}","templated":true}]}}