{"id":1656,"date":"2024-04-18T13:34:21","date_gmt":"2024-04-18T10:34:21","guid":{"rendered":"https:\/\/ymca.fi\/lahjoituskauppa\/?post_type=product&#038;p=1656"},"modified":"2025-01-24T12:22:42","modified_gmt":"2025-01-24T10:22:42","slug":"tue-nuoria-ukrainassa","status":"publish","type":"product","link":"https:\/\/ymca.fi\/lahjoituskauppa\/tuote\/tue-nuoria-ukrainassa\/","title":{"rendered":"Tue nuoria Ukrainassa"},"content":{"rendered":"<h1><strong>Tue nuoria Ukrainassa<\/strong><\/h1>\n<p>Lahjoita humanitaariseen avustusty\u00f6h\u00f6n Ukrainassa. Tukemalla nuoria Ukrainassa mahdollistat h\u00e4t\u00e4avun jakelua paikan p\u00e4\u00e4ll\u00e4. Lahjoituksellasi tuetaan my\u00f6s maan sis\u00e4isten pakolaisten majoittautumista sek\u00e4 autetaan akuutista kriisist\u00e4 toipumisessa, kuten tarjoamalla psykososiaalista tukea lapsille ja nuorille.<\/p>\n<p>Ty\u00f6t\u00e4 ja avustuksia koordinoi Suomen NMKY:n Liitto yhdess\u00e4 Ukrainan YMCA:n kanssa.<\/p>\n<p>Lahjoita 30 \u20ac tai haluamasi summa.<\/p>\n","protected":false},"excerpt":{"rendered":"<h1><strong>Tue nuoria Ukrainassa<\/strong><\/h1>\n<p>Lahjoita humanitaariseen avustusty\u00f6h\u00f6n Ukrainassa. Tukemalla nuoria Ukrainassa mahdollistat h\u00e4t\u00e4avun jakelua paikan p\u00e4\u00e4ll\u00e4. Lahjoituksellasi tuetaan my\u00f6s maan sis\u00e4isten pakolaisten majoittautumista sek\u00e4 autetaan akuutista kriisist\u00e4 toipumisessa, kuten tarjoamalla psykososiaalista tukea lapsille ja nuorille.<\/p>\n<p>Ty\u00f6t\u00e4 ja avustuksia koordinoi Suomen NMKY:n Liitto yhdess\u00e4 Ukrainan YMCA:n kanssa.<\/p>\n<p>Lahjoita 30 \u20ac tai haluamasi summa.<\/p>\n<p>&nbsp;<\/p>\n","protected":false},"featured_media":1145,"template":"","meta":[],"product_cat":[43],"product_tag":[],"_links":{"self":[{"href":"https:\/\/ymca.fi\/lahjoituskauppa\/wp-json\/wp\/v2\/product\/1656"}],"collection":[{"href":"https:\/\/ymca.fi\/lahjoituskauppa\/wp-json\/wp\/v2\/product"}],"about":[{"href":"https:\/\/ymca.fi\/lahjoituskauppa\/wp-json\/wp\/v2\/types\/product"}],"wp:featuredmedia":[{"embeddable":true,"href":"https:\/\/ymca.fi\/lahjoituskauppa\/wp-json\/wp\/v2\/media\/1145"}],"wp:attachment":[{"href":"https:\/\/ymca.fi\/lahjoituskauppa\/wp-json\/wp\/v2\/media?parent=1656"}],"wp:term":[{"taxonomy":"product_cat","embeddable":true,"href":"https:\/\/ymca.fi\/lahjoituskauppa\/wp-json\/wp\/v2\/product_cat?post=1656"},{"taxonomy":"product_tag","embeddable":true,"href":"https:\/\/ymca.fi\/lahjoituskauppa\/wp-json\/wp\/v2\/product_tag?post=1656"}],"curies":[{"name":"wp","href":"https:\/\/api.w.org\/{rel}","templated":true}]}}