{"id":1653,"date":"2024-04-18T13:27:05","date_gmt":"2024-04-18T10:27:05","guid":{"rendered":"https:\/\/ymca.fi\/lahjoituskauppa\/?post_type=product&#038;p=1653"},"modified":"2025-01-24T12:19:52","modified_gmt":"2025-01-24T10:19:52","slug":"lahjoita-ukrainalaisille-suomessa","status":"publish","type":"product","link":"https:\/\/ymca.fi\/lahjoituskauppa\/tuote\/lahjoita-ukrainalaisille-suomessa\/","title":{"rendered":"Lahjoita ukrainalaisille pakolaisille Suomessa"},"content":{"rendered":"<h1>Lahjoita ukrainalaisille pakolaisille Suomessa<\/h1>\n<p>Lahjoita Suomessa oleville ukrainalaisille pakolaisille. Lahjoituksesi avulla helpotat pakolaisten integroitumista suomalaiseen yhteiskuntaan esimerkiksi kielitaitoa ja ty\u00f6llisyytt\u00e4 edist\u00e4v\u00e4n avulla.<\/p>\n<p>Ty\u00f6skentelemme Ukrainan pakolaisten hyv\u00e4ksi yhdess\u00e4 paikallisyhdistystemme kanssa.<\/p>\n<p>Lahjoita 30 \u20ac tai haluamasi summa.<\/p>\n","protected":false},"excerpt":{"rendered":"<h1>Lahjoita ukrainalaisille pakolaisille Suomessa<\/h1>\n<p>Lahjoita Suomessa oleville ukrainalaisille pakolaisille. Lahjoituksesi avulla helpotat pakolaisten integroitumista suomalaiseen yhteiskuntaan esimerkiksi kielitaitoa ja ty\u00f6llisyytt\u00e4 edist\u00e4v\u00e4n avulla.<\/p>\n<p>&nbsp;<\/p>\n<p>Ty\u00f6skentelemme Ukrainan pakolaisten hyv\u00e4ksi yhdess\u00e4 paikallisyhdistystemme kanssa.<\/p>\n<p>Lahjoita 30 \u20ac tai haluamasi summa.<\/p>\n<p>&nbsp;<\/p>\n","protected":false},"featured_media":1269,"template":"","meta":[],"product_cat":[43],"product_tag":[],"_links":{"self":[{"href":"https:\/\/ymca.fi\/lahjoituskauppa\/wp-json\/wp\/v2\/product\/1653"}],"collection":[{"href":"https:\/\/ymca.fi\/lahjoituskauppa\/wp-json\/wp\/v2\/product"}],"about":[{"href":"https:\/\/ymca.fi\/lahjoituskauppa\/wp-json\/wp\/v2\/types\/product"}],"wp:featuredmedia":[{"embeddable":true,"href":"https:\/\/ymca.fi\/lahjoituskauppa\/wp-json\/wp\/v2\/media\/1269"}],"wp:attachment":[{"href":"https:\/\/ymca.fi\/lahjoituskauppa\/wp-json\/wp\/v2\/media?parent=1653"}],"wp:term":[{"taxonomy":"product_cat","embeddable":true,"href":"https:\/\/ymca.fi\/lahjoituskauppa\/wp-json\/wp\/v2\/product_cat?post=1653"},{"taxonomy":"product_tag","embeddable":true,"href":"https:\/\/ymca.fi\/lahjoituskauppa\/wp-json\/wp\/v2\/product_tag?post=1653"}],"curies":[{"name":"wp","href":"https:\/\/api.w.org\/{rel}","templated":true}]}}