{"id":1538,"date":"2023-10-11T10:20:27","date_gmt":"2023-10-11T07:20:27","guid":{"rendered":"https:\/\/ymca.fi\/lahjoituskauppa\/?post_type=product&#038;p=1538"},"modified":"2024-03-19T13:26:00","modified_gmt":"2024-03-19T11:26:00","slug":"testilahjoitus","status":"publish","type":"product","link":"https:\/\/ymca.fi\/lahjoituskauppa\/tuote\/testilahjoitus\/","title":{"rendered":"Testilahjoitus"},"content":{"rendered":"<div class=\"wpb_text_column wpb_content_element \">\n<div class=\"wpb_wrapper\">\n<p>TESTITEKSTI\u00c4&#8230;<\/p>\n<\/div>\n<\/div>\n","protected":false},"excerpt":{"rendered":"<p>Lahjoita ukrainalaisille pakolaisille tarjottavaan avustusty\u00f6h\u00f6n Suomessa. Ty\u00f6t\u00e4 toteutetaan Suomen YMCA\/ NMKY:n Liiton ja sen paikallisyhdistysten kautta. Varoilla tuetaan majoittautumista ja saapuneiden muita perustarpeita sek\u00e4 helpotetaan heid\u00e4n integroitumistaan yhteiskuntaan muun muassa kielitaitoa tukevilla kursseille ja ty\u00f6llisyytt\u00e4 edist\u00e4vin toimenpitein.<\/p>\n","protected":false},"featured_media":1257,"template":"","meta":[],"product_cat":[47],"product_tag":[],"_links":{"self":[{"href":"https:\/\/ymca.fi\/lahjoituskauppa\/wp-json\/wp\/v2\/product\/1538"}],"collection":[{"href":"https:\/\/ymca.fi\/lahjoituskauppa\/wp-json\/wp\/v2\/product"}],"about":[{"href":"https:\/\/ymca.fi\/lahjoituskauppa\/wp-json\/wp\/v2\/types\/product"}],"wp:featuredmedia":[{"embeddable":true,"href":"https:\/\/ymca.fi\/lahjoituskauppa\/wp-json\/wp\/v2\/media\/1257"}],"wp:attachment":[{"href":"https:\/\/ymca.fi\/lahjoituskauppa\/wp-json\/wp\/v2\/media?parent=1538"}],"wp:term":[{"taxonomy":"product_cat","embeddable":true,"href":"https:\/\/ymca.fi\/lahjoituskauppa\/wp-json\/wp\/v2\/product_cat?post=1538"},{"taxonomy":"product_tag","embeddable":true,"href":"https:\/\/ymca.fi\/lahjoituskauppa\/wp-json\/wp\/v2\/product_tag?post=1538"}],"curies":[{"name":"wp","href":"https:\/\/api.w.org\/{rel}","templated":true}]}}