{"id":1360,"date":"2022-03-25T14:17:40","date_gmt":"2022-03-25T12:17:40","guid":{"rendered":"https:\/\/ymca.fi\/lahjoituskauppa\/?post_type=product&#038;p=1360"},"modified":"2024-04-18T10:35:20","modified_gmt":"2024-04-18T07:35:20","slug":"lahjoita-nuorille-ukrainassa","status":"publish","type":"product","link":"https:\/\/ymca.fi\/lahjoituskauppa\/tuote\/lahjoita-nuorille-ukrainassa\/","title":{"rendered":"Lahjoita nuorille Ukrainassa"},"content":{"rendered":"<div class=\"wpb_text_column wpb_content_element \">\n<div class=\"wpb_wrapper\">\n<p>Lahjoita humanitaariseen avustusty\u00f6h\u00f6n Ukrainassa ja maan l\u00e4hialueilla. Tukemalla nuoria Ukrainassa mahdollistat katastrofiavun, kuten ruoka- ja l\u00e4\u00e4ketarvikkeita sek\u00e4 muita el\u00e4miseen tarvittavia perustarvikkeita.<\/p>\n<p>Lahjoituksellasi tuetaan ukrainalaisten majoittautumista sek\u00e4 autetaan akuutista kriisist\u00e4 toipumisessa kuten tarjoamalla psykososiaalista tukea lapsille ja nuorille.<\/p>\n<p>Ty\u00f6t\u00e4 ja avustuksia koordinoi Suomen NMKY:n Liiton kattoj\u00e4rjest\u00f6 Euroopan YMCA.<\/p>\n<\/div>\n<\/div>\n","protected":false},"excerpt":{"rendered":"<p>Tukemalla nuoria Ukrainassa mahdollistat katastrofiavun, kuten ruoka- ja l\u00e4\u00e4ketarvikkeita sek\u00e4 muita el\u00e4miseen tarvittavia perustarvikkeita. Lahjoituksellasi tuetaan ukrainalaisten majoittautumista sek\u00e4 autetaan akuutista kriisist\u00e4 toipumisessa kuten tarjoamalla psykososiaalista tukea lapsille ja nuorille.<\/p>\n","protected":false},"featured_media":1145,"template":"","meta":[],"product_cat":[43],"product_tag":[],"_links":{"self":[{"href":"https:\/\/ymca.fi\/lahjoituskauppa\/wp-json\/wp\/v2\/product\/1360"}],"collection":[{"href":"https:\/\/ymca.fi\/lahjoituskauppa\/wp-json\/wp\/v2\/product"}],"about":[{"href":"https:\/\/ymca.fi\/lahjoituskauppa\/wp-json\/wp\/v2\/types\/product"}],"wp:featuredmedia":[{"embeddable":true,"href":"https:\/\/ymca.fi\/lahjoituskauppa\/wp-json\/wp\/v2\/media\/1145"}],"wp:attachment":[{"href":"https:\/\/ymca.fi\/lahjoituskauppa\/wp-json\/wp\/v2\/media?parent=1360"}],"wp:term":[{"taxonomy":"product_cat","embeddable":true,"href":"https:\/\/ymca.fi\/lahjoituskauppa\/wp-json\/wp\/v2\/product_cat?post=1360"},{"taxonomy":"product_tag","embeddable":true,"href":"https:\/\/ymca.fi\/lahjoituskauppa\/wp-json\/wp\/v2\/product_tag?post=1360"}],"curies":[{"name":"wp","href":"https:\/\/api.w.org\/{rel}","templated":true}]}}