{"id":556,"date":"2018-11-13T12:24:14","date_gmt":"2018-11-13T10:24:14","guid":{"rendered":"https:\/\/ymca.fi\/lahjoituskauppa\/?page_id=556"},"modified":"2025-01-24T10:04:18","modified_gmt":"2025-01-24T08:04:18","slug":"lahjoita","status":"publish","type":"page","link":"https:\/\/ymca.fi\/lahjoituskauppa\/","title":{"rendered":"Lahjoita lapsille ja nuorille"},"content":{"rendered":"<div class=\"wpb-content-wrapper\"><p>[vc_row full_width=&#8221;stretch_row_content&#8221;][vc_column parallax=&#8221;content-moving&#8221;][vc_single_image image=&#8221;1749&#8243; img_size=&#8221;1600&#215;853&#8243; alignment=&#8221;center&#8221; onclick=&#8221;custom_link&#8221; css=&#8221;&#8221; image_hovers=&#8221;false&#8221; link=&#8221;https:\/\/ymca.fi\/lahjoituskauppa\/tuote\/harrastus-lapselle\/&#8221;][vc_empty_space height=&#8221;20&#8243;][vc_column_text][\/vc_column_text][\/vc_column][\/vc_row][vc_row][vc_column][vc_custom_heading text=&#8221;Lahjoita lapsille ja nuorille&#8221; font_container=&#8221;tag:h1|font_size:34|text_align:left|color:%23515151&#8243; google_fonts=&#8221;font_family:Roboto%3A100%2C100italic%2C300%2C300italic%2Cregular%2Citalic%2C500%2C500italic%2C700%2C700italic%2C900%2C900italic|font_style:700%20bold%20regular%3A700%3Anormal&#8221; css=&#8221;&#8221;][vc_empty_space height=&#8221;30&#8243;][vc_column_text css=&#8221;&#8221;]<strong>Tehd\u00e4\u00e4n yhdess\u00e4 maailmasta yhdenvertaisempi ja turvallisempi paikka lapsille ja nuorille. Lahjoituksesi on arvokas sijoitus lasten ja nuorten tulevaisuuteen. Sin\u00e4 voit auttaa. Lahjoita nyt.<\/strong><\/p>\n<p>Ty\u00f6skentelemme nuorten hyvinvoinnin ja vaikuttamismahdollisuuksien, kest\u00e4v\u00e4n tulevaisuuden ja rauhan edist\u00e4miseksi paikallisesti, alueellisesti ja maailmanlaajuisesti. Olemme sitoutumaton ja voittoa tavoittelematon toimija sek\u00e4 osa yht\u00e4 maailman suurimmista nuorisoj\u00e4rjest\u00f6ist\u00e4.[\/vc_column_text][\/vc_column][\/vc_row][vc_row][vc_column][vc_empty_space height=&#8221;40&#8243;][vc_separator color=&#8221;custom&#8221; accent_color=&#8221;#b2b2b2&#8243;][\/vc_column][\/vc_row][vc_row][vc_column width=&#8221;1\/2&#8243;][vc_column_text css=&#8221;&#8221;]<\/p>\n<h2>Tue perheit\u00e4 Libanonissa<\/h2>\n<p>Lahjoita humanitaariseen avustusty\u00f6h\u00f6n Libanonissa.[\/vc_column_text]<style type=\"text\/css\" data-type=\"the7_shortcodes-inline-css\">#default-btn-f79453706303a352eef12a17d6d1a185.ico-right-side > i {\n  margin-right: 0px;\n  margin-left: 8px;\n}\n#default-btn-f79453706303a352eef12a17d6d1a185 > i {\n  margin-right: 8px;\n}\n<\/style><div class=\"btn-align-left\"><a href=\"https:\/\/ymca.fi\/lahjoituskauppa\/tuote\/tue-perheita-libanonissa\/\" class=\"default-btn-shortcode dt-btn dt-btn-l link-hover-off \" id=\"default-btn-f79453706303a352eef12a17d6d1a185\" title=\"Tue nuoria Ukrainassa\"><span>LAHJOITA<\/span><\/a><\/div>[vc_empty_space height=&#8221;70px&#8221;][\/vc_column][vc_column width=&#8221;1\/2&#8243;][vc_column_text css=&#8221;&#8221;]<\/p>\n<h2>Tue perheit\u00e4 Gazassa<\/h2>\n<p>Lahjoita humanitaariseen avustusty\u00f6h\u00f6n Gazassa.[\/vc_column_text]<style type=\"text\/css\" data-type=\"the7_shortcodes-inline-css\">#default-btn-703e8630c2af3b453497eb7becf8e16d.ico-right-side > i {\n  margin-right: 0px;\n  margin-left: 8px;\n}\n#default-btn-703e8630c2af3b453497eb7becf8e16d > i {\n  margin-right: 8px;\n}\n<\/style><div class=\"btn-align-left\"><a href=\"https:\/\/ymca.fi\/lahjoituskauppa\/tuote\/tue-perheita-gaza\/\" class=\"default-btn-shortcode dt-btn dt-btn-l link-hover-off \" id=\"default-btn-703e8630c2af3b453497eb7becf8e16d\" title=\"Tue perheit\u00e4 Gazassa\"><span>LAHJOITA<\/span><\/a><\/div>[vc_empty_space height=&#8221;70px&#8221;][\/vc_column][\/vc_row][vc_row][vc_column width=&#8221;1\/2&#8243;][vc_column_text css=&#8221;&#8221;]<\/p>\n<h2>Tue nuoria Ukrainassa<\/h2>\n<p>Lahjoita humanitaariseen avustusty\u00f6h\u00f6n Ukrainassa.[\/vc_column_text]<style type=\"text\/css\" data-type=\"the7_shortcodes-inline-css\">#default-btn-47bc785e2890e8e2db5560c3d4e39930.ico-right-side > i {\n  margin-right: 0px;\n  margin-left: 8px;\n}\n#default-btn-47bc785e2890e8e2db5560c3d4e39930 > i {\n  margin-right: 8px;\n}\n<\/style><div class=\"btn-align-left\"><a href=\"https:\/\/ymca.fi\/lahjoituskauppa\/tuote\/tue-nuoria-ukrainassa\/\" class=\"default-btn-shortcode dt-btn dt-btn-l link-hover-off \" id=\"default-btn-47bc785e2890e8e2db5560c3d4e39930\" title=\"Tue nuoria Ukrainassa\"><span>LAHJOITA<\/span><\/a><\/div>[\/vc_column][vc_column width=&#8221;1\/2&#8243;][vc_column_text css=&#8221;&#8221;]<\/p>\n<h2>Tue ukrainalaisia pakolaisia Suomessa<\/h2>\n<p>Lahjoita Ukrainan pakolaisille Suomessa.[\/vc_column_text]<style type=\"text\/css\" data-type=\"the7_shortcodes-inline-css\">#default-btn-09fe95be89cd4ce14a6e04b7009ce2da.ico-right-side > i {\n  margin-right: 0px;\n  margin-left: 8px;\n}\n#default-btn-09fe95be89cd4ce14a6e04b7009ce2da > i {\n  margin-right: 8px;\n}\n<\/style><div class=\"btn-align-left\"><a href=\"https:\/\/ymca.fi\/lahjoituskauppa\/tuote\/lahjoita-ukrainalaisille-suomessa\/\" class=\"default-btn-shortcode dt-btn dt-btn-l link-hover-off \" id=\"default-btn-09fe95be89cd4ce14a6e04b7009ce2da\" title=\"Tue ukrainalaisia Suomessa\"><span>LAHJOITA<\/span><\/a><\/div>[\/vc_column][\/vc_row][vc_row][vc_column][\/vc_column][\/vc_row]<\/p>\n<\/div>","protected":false},"excerpt":{"rendered":"<p>[vc_row full_width=&#8221;stretch_row_content&#8221;][vc_column parallax=&#8221;content-moving&#8221;][vc_single_image image=&#8221;1749&#8243; img_size=&#8221;1600&#215;853&#8243; alignment=&#8221;center&#8221; onclick=&#8221;custom_link&#8221; css=&#8221;&#8221; image_hovers=&#8221;false&#8221; link=&#8221;https:\/\/ymca.fi\/lahjoituskauppa\/tuote\/harrastus-lapselle\/&#8221;][vc_empty_space height=&#8221;20&#8243;][vc_column_text][\/vc_column_text][\/vc_column][\/vc_row][vc_row][vc_column][vc_custom_heading text=&#8221;Lahjoita lapsille ja nuorille&#8221; font_container=&#8221;tag:h1|font_size:34|text_align:left|color:%23515151&#8243; google_fonts=&#8221;font_family:Roboto%3A100%2C100italic%2C300%2C300italic%2Cregular%2Citalic%2C500%2C500italic%2C700%2C700italic%2C900%2C900italic|font_style:700%20bold%20regular%3A700%3Anormal&#8221; css=&#8221;&#8221;][vc_empty_space height=&#8221;30&#8243;][vc_column_text css=&#8221;&#8221;]Tehd\u00e4\u00e4n yhdess\u00e4 maailmasta yhdenvertaisempi ja turvallisempi paikka lapsille ja nuorille. Lahjoituksesi on arvokas sijoitus lasten ja nuorten tulevaisuuteen. Sin\u00e4 voit auttaa. Lahjoita nyt. Ty\u00f6skentelemme nuorten hyvinvoinnin ja vaikuttamismahdollisuuksien, kest\u00e4v\u00e4n tulevaisuuden ja rauhan edist\u00e4miseksi paikallisesti, alueellisesti ja&hellip;<\/p>\n","protected":false},"author":2,"featured_media":1749,"parent":0,"menu_order":0,"comment_status":"closed","ping_status":"closed","template":"","meta":{"footnotes":""},"_links":{"self":[{"href":"https:\/\/ymca.fi\/lahjoituskauppa\/wp-json\/wp\/v2\/pages\/556"}],"collection":[{"href":"https:\/\/ymca.fi\/lahjoituskauppa\/wp-json\/wp\/v2\/pages"}],"about":[{"href":"https:\/\/ymca.fi\/lahjoituskauppa\/wp-json\/wp\/v2\/types\/page"}],"author":[{"embeddable":true,"href":"https:\/\/ymca.fi\/lahjoituskauppa\/wp-json\/wp\/v2\/users\/2"}],"replies":[{"embeddable":true,"href":"https:\/\/ymca.fi\/lahjoituskauppa\/wp-json\/wp\/v2\/comments?post=556"}],"version-history":[{"count":220,"href":"https:\/\/ymca.fi\/lahjoituskauppa\/wp-json\/wp\/v2\/pages\/556\/revisions"}],"predecessor-version":[{"id":1820,"href":"https:\/\/ymca.fi\/lahjoituskauppa\/wp-json\/wp\/v2\/pages\/556\/revisions\/1820"}],"wp:featuredmedia":[{"embeddable":true,"href":"https:\/\/ymca.fi\/lahjoituskauppa\/wp-json\/wp\/v2\/media\/1749"}],"wp:attachment":[{"href":"https:\/\/ymca.fi\/lahjoituskauppa\/wp-json\/wp\/v2\/media?parent=556"}],"curies":[{"name":"wp","href":"https:\/\/api.w.org\/{rel}","templated":true}]}}