{"id":325,"date":"2017-11-13T15:36:09","date_gmt":"2017-11-13T13:36:09","guid":{"rendered":"https:\/\/ymca.fi\/lahjoituskauppa\/?page_id=325"},"modified":"2024-05-17T12:16:11","modified_gmt":"2024-05-17T09:16:11","slug":"rahankerayslupa","status":"publish","type":"page","link":"https:\/\/ymca.fi\/lahjoituskauppa\/rahankerayslupa\/","title":{"rendered":"Rahanker\u00e4yslupa"},"content":{"rendered":"<div class=\"wpb-content-wrapper\"><p>[vc_row][vc_column][vc_empty_space height=&#8221;100&#8243;][vc_custom_heading text=&#8221;Rahanker\u00e4yslupa RA\/2020\/13&#8243; font_container=&#8221;tag:h2|font_size:30|text_align:left|color:rgba(117%2C127%2C140%2C0.86)|line_height:1&#8243; google_fonts=&#8221;font_family:Roboto%3A100%2C100italic%2C300%2C300italic%2Cregular%2Citalic%2C500%2C500italic%2C700%2C700italic%2C900%2C900italic|font_style:500%20bold%20regular%3A500%3Anormal&#8221;][vc_empty_space height=&#8221;40&#8243;][vc_column_text css=&#8221;&#8221;]<\/p>\n<p class=\"p1\">Suomen NMKY:n Liitolla, y-tunnus 0315207-7, on Poliisihallituksen my\u00f6nt\u00e4m\u00e4\u00a0<strong><a href=\"https:\/\/ymca.fi\/wp-content\/uploads\/2023\/09\/YMCA-varainhankintalupa-poliisihallitus-2023.pdf\" target=\"_blank\" rel=\"noopener\">rahanker\u00e4yslupa RA\/2023\/980<\/a><\/strong>. Lupa on voimassa 29.8.2023 alkaen toistaiseksi koko Suomessa pois lukien Ahvenanmaa.<\/p>\n<p class=\"p1\">Lahjoitukset k\u00e4ytet\u00e4\u00e4n lasten ja nuorten sek\u00e4 heid\u00e4n perheidens\u00e4 hyvinvoinnin edist\u00e4miseksi Suomessa\u00a0<span lang=\"FI\">ja<\/span>\u00a0<span lang=\"FI\">maailmalla<\/span>. Varoja voidaan k\u00e4ytt\u00e4\u00e4 my\u00f6s paikallisyhdistyste<span lang=\"FI\">mme<\/span>\u00a0toiminnan tukemiseen<span lang=\"FI\">\u00a0sek\u00e4\u00a0<\/span>humanitaariseen avustusty\u00f6h\u00f6n kriisi- ja katastrofitilanteissa.<\/p>\n<p>&nbsp;<\/p>\n<p>&nbsp;<\/p>\n<p>&nbsp;<\/p>\n<p><strong><a href=\"http:\/\/www.ymca.fi\/lahjoituskauppa\">Tue lasten ja nuorten hyvinvointia ja lahjoita.<\/a><\/strong>[\/vc_column_text][\/vc_column][\/vc_row][vc_row][vc_column][vc_empty_space height=&#8221;300&#8243;][\/vc_column][\/vc_row]<\/p>\n<\/div>","protected":false},"excerpt":{"rendered":"<p>[vc_row][vc_column][vc_empty_space height=&#8221;100&#8243;][vc_custom_heading text=&#8221;Rahanker\u00e4yslupa RA\/2020\/13&#8243; font_container=&#8221;tag:h2|font_size:30|text_align:left|color:rgba(117%2C127%2C140%2C0.86)|line_height:1&#8243; google_fonts=&#8221;font_family:Roboto%3A100%2C100italic%2C300%2C300italic%2Cregular%2Citalic%2C500%2C500italic%2C700%2C700italic%2C900%2C900italic|font_style:500%20bold%20regular%3A500%3Anormal&#8221;][vc_empty_space height=&#8221;40&#8243;][vc_column_text css=&#8221;&#8221;] Suomen NMKY:n Liitolla, y-tunnus 0315207-7, on Poliisihallituksen my\u00f6nt\u00e4m\u00e4\u00a0rahanker\u00e4yslupa RA\/2023\/980. Lupa on voimassa 29.8.2023 alkaen toistaiseksi koko Suomessa pois lukien Ahvenanmaa. Lahjoitukset k\u00e4ytet\u00e4\u00e4n lasten ja nuorten sek\u00e4 heid\u00e4n perheidens\u00e4 hyvinvoinnin edist\u00e4miseksi Suomessa\u00a0ja\u00a0maailmalla. Varoja voidaan k\u00e4ytt\u00e4\u00e4 my\u00f6s paikallisyhdistystemme\u00a0toiminnan tukemiseen\u00a0sek\u00e4\u00a0humanitaariseen avustusty\u00f6h\u00f6n kriisi- ja katastrofitilanteissa. &nbsp; &nbsp; &nbsp; Tue lasten ja&hellip;<\/p>\n","protected":false},"author":2,"featured_media":0,"parent":0,"menu_order":0,"comment_status":"closed","ping_status":"closed","template":"","meta":{"footnotes":""},"_links":{"self":[{"href":"https:\/\/ymca.fi\/lahjoituskauppa\/wp-json\/wp\/v2\/pages\/325"}],"collection":[{"href":"https:\/\/ymca.fi\/lahjoituskauppa\/wp-json\/wp\/v2\/pages"}],"about":[{"href":"https:\/\/ymca.fi\/lahjoituskauppa\/wp-json\/wp\/v2\/types\/page"}],"author":[{"embeddable":true,"href":"https:\/\/ymca.fi\/lahjoituskauppa\/wp-json\/wp\/v2\/users\/2"}],"replies":[{"embeddable":true,"href":"https:\/\/ymca.fi\/lahjoituskauppa\/wp-json\/wp\/v2\/comments?post=325"}],"version-history":[{"count":14,"href":"https:\/\/ymca.fi\/lahjoituskauppa\/wp-json\/wp\/v2\/pages\/325\/revisions"}],"predecessor-version":[{"id":1720,"href":"https:\/\/ymca.fi\/lahjoituskauppa\/wp-json\/wp\/v2\/pages\/325\/revisions\/1720"}],"wp:attachment":[{"href":"https:\/\/ymca.fi\/lahjoituskauppa\/wp-json\/wp\/v2\/media?parent=325"}],"curies":[{"name":"wp","href":"https:\/\/api.w.org\/{rel}","templated":true}]}}