{"id":784,"date":"2024-04-02T09:25:51","date_gmt":"2024-04-02T06:25:51","guid":{"rendered":"https:\/\/ymca.fi\/Y-Scouts\/?page_id=784"},"modified":"2025-04-25T11:56:43","modified_gmt":"2025-04-25T08:56:43","slug":"esg-lts-2025","status":"publish","type":"page","link":"https:\/\/ymca.fi\/Y-Scouts\/esg-lts-2025\/","title":{"rendered":"ESG LTS 2025"},"content":{"rendered":"\n<p>Suomen joukkuueen infokirje (HUOM!! Ilmoittautumisaikaa jatkettu 30.5. asti)<\/p>\n\n\n\n<div data-wp-interactive=\"core\/file\" class=\"wp-block-file\"><object data-wp-bind--hidden=\"!state.hasPdfPreview\" hidden class=\"wp-block-file__embed\" data=\"https:\/\/ymca.fi\/Y-Scouts\/wp-content\/uploads\/2025\/03\/ESG-LTS-Sveitsi-2025-infokirje.pdf\" type=\"application\/pdf\" style=\"width:100%;height:600px\" aria-label=\"Tiedoston ESG-LTS Sveitsi 2025 infokirje upotus.\"><\/object><a id=\"wp-block-file--media-5f7a19d4-9d2a-49f1-9366-420fae2ed680\" href=\"https:\/\/ymca.fi\/Y-Scouts\/wp-content\/uploads\/2025\/03\/ESG-LTS-Sveitsi-2025-infokirje.pdf\">ESG-LTS Sveitsi 2025 infokirje<\/a><a href=\"https:\/\/ymca.fi\/Y-Scouts\/wp-content\/uploads\/2025\/03\/ESG-LTS-Sveitsi-2025-infokirje.pdf\" class=\"wp-block-file__button wp-element-button\" download aria-describedby=\"wp-block-file--media-5f7a19d4-9d2a-49f1-9366-420fae2ed680\">Lataa<\/a><\/div>\n\n\n\n<p>Tapahtuman ohjelma:<\/p>\n\n\n\n<div data-wp-interactive=\"core\/file\" class=\"wp-block-file\"><object data-wp-bind--hidden=\"!state.hasPdfPreview\" hidden class=\"wp-block-file__embed\" data=\"https:\/\/ymca.fi\/Y-Scouts\/wp-content\/uploads\/2025\/03\/Programm-EN.pdf\" type=\"application\/pdf\" style=\"width:100%;height:600px\" aria-label=\"Tiedoston Programm EN upotus.\"><\/object><a id=\"wp-block-file--media-1d62f77a-da7c-44d8-92d0-fde8545b1334\" href=\"https:\/\/ymca.fi\/Y-Scouts\/wp-content\/uploads\/2025\/03\/Programm-EN.pdf\">Programm EN<\/a><a href=\"https:\/\/ymca.fi\/Y-Scouts\/wp-content\/uploads\/2025\/03\/Programm-EN.pdf\" class=\"wp-block-file__button wp-element-button\" download aria-describedby=\"wp-block-file--media-1d62f77a-da7c-44d8-92d0-fde8545b1334\">Lataa<\/a><\/div>\n\n\n\n<p>J\u00e4rjest\u00e4j\u00e4n infokirje englanniksi:<\/p>\n\n\n\n<div data-wp-interactive=\"core\/file\" class=\"wp-block-file\"><object data-wp-bind--hidden=\"!state.hasPdfPreview\" hidden class=\"wp-block-file__embed\" data=\"https:\/\/ymca.fi\/Y-Scouts\/wp-content\/uploads\/2025\/03\/Flyer-EN.pdf\" type=\"application\/pdf\" style=\"width:100%;height:600px\" aria-label=\"Tiedoston Flyer EN upotus.\"><\/object><a id=\"wp-block-file--media-99b89d48-0fcc-4168-aa8e-444b60f5697a\" href=\"https:\/\/ymca.fi\/Y-Scouts\/wp-content\/uploads\/2025\/03\/Flyer-EN.pdf\">Flyer EN<\/a><a href=\"https:\/\/ymca.fi\/Y-Scouts\/wp-content\/uploads\/2025\/03\/Flyer-EN.pdf\" class=\"wp-block-file__button wp-element-button\" download aria-describedby=\"wp-block-file--media-99b89d48-0fcc-4168-aa8e-444b60f5697a\">Lataa<\/a><\/div>\n","protected":false},"excerpt":{"rendered":"<p>Suomen joukkuueen infokirje (HUOM!! Ilmoittautumisaikaa jatkettu 30.5. asti) Tapahtuman ohjelma: J\u00e4rjest\u00e4j\u00e4n infokirje englanniksi:<\/p>\n","protected":false},"author":5,"featured_media":0,"parent":0,"menu_order":0,"comment_status":"closed","ping_status":"closed","template":"","meta":{"footnotes":""},"class_list":["post-784","page","type-page","status-publish","hentry","entry"],"jetpack_sharing_enabled":true,"_links":{"self":[{"href":"https:\/\/ymca.fi\/Y-Scouts\/wp-json\/wp\/v2\/pages\/784","targetHints":{"allow":["GET"]}}],"collection":[{"href":"https:\/\/ymca.fi\/Y-Scouts\/wp-json\/wp\/v2\/pages"}],"about":[{"href":"https:\/\/ymca.fi\/Y-Scouts\/wp-json\/wp\/v2\/types\/page"}],"author":[{"embeddable":true,"href":"https:\/\/ymca.fi\/Y-Scouts\/wp-json\/wp\/v2\/users\/5"}],"replies":[{"embeddable":true,"href":"https:\/\/ymca.fi\/Y-Scouts\/wp-json\/wp\/v2\/comments?post=784"}],"version-history":[{"count":11,"href":"https:\/\/ymca.fi\/Y-Scouts\/wp-json\/wp\/v2\/pages\/784\/revisions"}],"predecessor-version":[{"id":829,"href":"https:\/\/ymca.fi\/Y-Scouts\/wp-json\/wp\/v2\/pages\/784\/revisions\/829"}],"wp:attachment":[{"href":"https:\/\/ymca.fi\/Y-Scouts\/wp-json\/wp\/v2\/media?parent=784"}],"curies":[{"name":"wp","href":"https:\/\/api.w.org\/{rel}","templated":true}]}}