{"id":481,"date":"2020-10-05T14:01:08","date_gmt":"2020-10-05T11:01:08","guid":{"rendered":"https:\/\/ymca.fi\/Y-Scouts\/?page_id=481"},"modified":"2025-04-25T11:55:38","modified_gmt":"2025-04-25T08:55:38","slug":"esg","status":"publish","type":"page","link":"https:\/\/ymca.fi\/Y-Scouts\/esg\/","title":{"rendered":"ESG"},"content":{"rendered":"<div class=\"wp-block-image\">\n<figure class=\"alignright size-large\"><img loading=\"lazy\" decoding=\"async\" width=\"177\" height=\"177\" src=\"https:\/\/ymca.fi\/Y-Scouts\/wp-content\/uploads\/2020\/10\/Picture1.png\" alt=\"\" class=\"wp-image-516\" srcset=\"https:\/\/ymca.fi\/Y-Scouts\/wp-content\/uploads\/2020\/10\/Picture1.png 177w, https:\/\/ymca.fi\/Y-Scouts\/wp-content\/uploads\/2020\/10\/Picture1-150x150.png 150w\" sizes=\"auto, (max-width: 177px) 100vw, 177px\" \/><\/figure>\n<\/div>\n\n\n<figure class=\"wp-block-pullquote\"><blockquote><p><strong>European YMCA Scouting and Jungschar Group<\/strong>, eli tutummin ESG, on YMCA Europen alaisuudessa toimiva toimintaryhm\u00e4 partiolaisille. Suomen lis\u00e4ksi t\u00e4h\u00e4n iloiseen joukkoon kuuluu partiolippukuntia Saksasta, Sveitsist\u00e4, T\u0161ekist\u00e4, Unkarista ja Ukrainasta.<\/p><\/blockquote><\/figure>\n\n\n\n<p><strong>ESG Uutiskirje<\/strong><br>ESG:n ExComm toimittaa noin kuudesti vuodessa uutiskirjeen, josta saat ajankohtaista tietoa tulevista tapahtumista ja muista t\u00e4rkeist\u00e4 asioista. Uutiskirjeen pystyt tilaamaan <a href=\"https:\/\/groups.google.com\/forum\/#!forum\/esg-newsletter\">t\u00e4st\u00e4 linkist\u00e4.<\/a><\/p>\n\n\n\n<p><strong>ESG-P\u00e4iv\u00e4<\/strong><br>ESG-p\u00e4iv\u00e4\u00e4 vietet\u00e4\u00e4n kerran vuodessa, marraskuussa ensimm\u00e4isen kokonaisen viikon lauantaina. P\u00e4iv\u00e4n tavoitteena on p\u00e4\u00e4st\u00e4 tutustumaan j\u00e4rjest\u00e4j\u00e4maan partio-ohjelmaan erilaisten toiminnallisten aktiviteettien kautta. Vuorotellen j\u00e4senmaista valittu j\u00e4rjest\u00e4j\u00e4maa tuottaa ohjelmamateriaalia, jota muiden maiden partiolaiset voivat toteuttaa omissa koloilloissaan.<br><br>Ohjelma sis\u00e4lt\u00e4\u00e4 j\u00e4rjest\u00e4j\u00e4maalle ominaisia lauluja, leikkej\u00e4, k\u00e4dentaitoja ja kokkailua. Jokainen ohjelman suorittanut ryhm\u00e4\/lippukunta l\u00e4hett\u00e4\u00e4 j\u00e4rjest\u00e4j\u00e4maan ilmoittamaan osoitteeseen postikortin, jossa voi kertoa, miten p\u00e4iv\u00e4\u00e4 vietettiin omassa ryhm\u00e4ss\u00e4\/lippukunnassa.<\/p>\n\n\n\n<p><strong>T\u00e4n\u00e4 vuonna ESG-p\u00e4iv\u00e4 j\u00e4rjestet\u00e4\u00e4n 9. marraskuuta 2024. <\/strong> Lis\u00e4\u00e4 informaatiota tulossa my\u00f6hemmin.<\/p>\n\n\n\n<figure class=\"wp-block-image size-large\"><img loading=\"lazy\" decoding=\"async\" width=\"1024\" height=\"683\" src=\"https:\/\/ymca.fi\/Y-Scouts\/wp-content\/uploads\/2020\/10\/facebook_1601893873782_6718829882381650604-1024x683.jpg\" alt=\"\" class=\"wp-image-519\" srcset=\"https:\/\/ymca.fi\/Y-Scouts\/wp-content\/uploads\/2020\/10\/facebook_1601893873782_6718829882381650604-1024x683.jpg 1024w, https:\/\/ymca.fi\/Y-Scouts\/wp-content\/uploads\/2020\/10\/facebook_1601893873782_6718829882381650604-300x200.jpg 300w, https:\/\/ymca.fi\/Y-Scouts\/wp-content\/uploads\/2020\/10\/facebook_1601893873782_6718829882381650604-768x512.jpg 768w, https:\/\/ymca.fi\/Y-Scouts\/wp-content\/uploads\/2020\/10\/facebook_1601893873782_6718829882381650604.jpg 1080w\" sizes=\"auto, (max-width: 1024px) 100vw, 1024px\" \/><figcaption class=\"wp-element-caption\">ESG LTS T\u0161ekiss\u00e4 2018<\/figcaption><\/figure>\n\n\n\n<p><strong>ESG Leadership Training and Seminar<\/strong><br>ESG LTS j\u00e4rjestet\u00e4\u00e4n vuosittain elokuun loppupuolella tai syyskuun alussa. Valittu j\u00e4rjest\u00e4j\u00e4maa is\u00e4nn\u00f6i nelj\u00e4 p\u00e4iv\u00e4\u00e4 kest\u00e4v\u00e4n kokoontumisen, jolle voivat osallistua kaikki halukkaat, kunhan ik\u00e4\u00e4 on v\u00e4hint\u00e4\u00e4n 15 vuotta. Tapahtuman ohjelma on jaettu kahteen osaan:<\/p>\n\n\n\n<ul class=\"wp-block-list\">\n<li><strong>Leadership Training<\/strong> on tarkoitettu alle 18-vuotiaille, ja se sis\u00e4lt\u00e4\u00e4 toiminnallisia ty\u00f6pajoja, maastopelej\u00e4, kokkailua ja muuta hauskaa<\/li>\n\n\n\n<li><strong>Seminar<\/strong> puolestaan on yli 18-vuotiaille, ja se tarjoaa mahdollisuuden vaihtaa ajatuksia muiden<br>partiojohtajien kanssa, osallistua mielenkiintoisiin ty\u00f6pajoihin ja j\u00e4rjest\u00e4j\u00e4maan luennoille ajankohtaisista aiheista.<\/li>\n<\/ul>\n\n\n\n<p>Yhteist\u00e4 ohjelmaa on my\u00f6s, muun muassa perinteinen haikki, iltaiset istuskelut nuotion \u00e4\u00e4rell\u00e4 ja vaikka mit\u00e4 muita unohtumattomia kokemuksia. Tapahtumaan osallistunut palaa varmasti kotiin taskut t\u00e4ynn\u00e4 uusia ideoita. <a href=\"https:\/\/ymcaeurope.com\/esg-leadership-training-and-seminar-2017-armenia\" data-type=\"URL\" data-id=\"https:\/\/ymcaeurope.com\/esg-leadership-training-and-seminar-2017-armenia\">T\u00e4st\u00e4 linkist\u00e4<\/a> p\u00e4\u00e4set katsomaan vuoden 2017 LTS:n tunnelmia Armeniasta.<\/p>\n\n\n\n<p>Seuraava LTS j\u00e4rjestet\u00e4\u00e4n <strong>Oberentfeldeniss\u00e4, Sveitsiss\u00e4, 20.-24.8.2025<\/strong><\/p>\n\n\n\n<p><strong>ESG:n hallitus \/ ESG Executive Committee Members<\/strong><\/p>\n\n\n\n<p>Board email: esg@ymcaeurope.com<br><br><strong>Chair of the board: <\/strong>Dominic Kalt, Switzerland<br>E-mail: dominic.kalt@cevi.ch<br><br><strong>Secretary:<\/strong> Ronja Saraste, Finland<br>E-mail: ronja.saraste@ymca.fi<br><br><strong>Member:<\/strong> Tereza Fridrichov\u00e1, Czech Republic<br><br><strong>Member:<\/strong> P\u00e9ter Zal\u00e1n, Hungary<br>E-mail: zalanpeter@kie.hu<\/p>\n","protected":false},"excerpt":{"rendered":"<p>European YMCA Scouting and Jungschar Group, eli tutummin ESG, on YMCA Europen alaisuudessa toimiva toimintaryhm\u00e4 partiolaisille. Suomen lis\u00e4ksi t\u00e4h\u00e4n iloiseen joukkoon kuuluu partiolippukuntia Saksasta, Sveitsist\u00e4, T\u0161ekist\u00e4, Unkarista ja Ukrainasta. ESG UutiskirjeESG:n ExComm toimittaa noin kuudesti vuodessa uutiskirjeen, josta saat ajankohtaista tietoa tulevista tapahtumista ja muista t\u00e4rkeist\u00e4 asioista. Uutiskirjeen pystyt tilaamaan t\u00e4st\u00e4 linkist\u00e4. ESG-P\u00e4iv\u00e4ESG-p\u00e4iv\u00e4\u00e4 vietet\u00e4\u00e4n kerran<a class=\"more-link\" href=\"https:\/\/ymca.fi\/Y-Scouts\/esg\/\">Continue reading <span class=\"screen-reader-text\">&#8221;ESG&#8221;<\/span><\/a><\/p>\n","protected":false},"author":1,"featured_media":0,"parent":0,"menu_order":0,"comment_status":"closed","ping_status":"closed","template":"","meta":{"footnotes":""},"class_list":["post-481","page","type-page","status-publish","hentry","entry"],"jetpack_sharing_enabled":true,"_links":{"self":[{"href":"https:\/\/ymca.fi\/Y-Scouts\/wp-json\/wp\/v2\/pages\/481","targetHints":{"allow":["GET"]}}],"collection":[{"href":"https:\/\/ymca.fi\/Y-Scouts\/wp-json\/wp\/v2\/pages"}],"about":[{"href":"https:\/\/ymca.fi\/Y-Scouts\/wp-json\/wp\/v2\/types\/page"}],"author":[{"embeddable":true,"href":"https:\/\/ymca.fi\/Y-Scouts\/wp-json\/wp\/v2\/users\/1"}],"replies":[{"embeddable":true,"href":"https:\/\/ymca.fi\/Y-Scouts\/wp-json\/wp\/v2\/comments?post=481"}],"version-history":[{"count":12,"href":"https:\/\/ymca.fi\/Y-Scouts\/wp-json\/wp\/v2\/pages\/481\/revisions"}],"predecessor-version":[{"id":828,"href":"https:\/\/ymca.fi\/Y-Scouts\/wp-json\/wp\/v2\/pages\/481\/revisions\/828"}],"wp:attachment":[{"href":"https:\/\/ymca.fi\/Y-Scouts\/wp-json\/wp\/v2\/media?parent=481"}],"curies":[{"name":"wp","href":"https:\/\/api.w.org\/{rel}","templated":true}]}}