{"id":31,"date":"2020-01-12T18:43:51","date_gmt":"2020-01-12T16:43:51","guid":{"rendered":"https:\/\/yscouts.wordpress.com\/?page_id=31"},"modified":"2026-03-16T08:47:11","modified_gmt":"2026-03-16T06:47:11","slug":"lippukunnat","status":"publish","type":"page","link":"https:\/\/ymca.fi\/Y-Scouts\/lippukunnat\/","title":{"rendered":"Lippukunnat"},"content":{"rendered":"\n<p>Y-Scouts\u00a0lippukunnista l\u00f6ytyy niin pieni\u00e4 kuin suuria lippukuntia ja toimintaa on niin merell\u00e4 kuin mets\u00e4ss\u00e4. Lippukuntia l\u00f6ytyy yhteens\u00e4 14 ymp\u00e4ri Suomen: Oulu, Helsinki, Tampere, Turku, Kuopio ja Jyv\u00e4skyl\u00e4.<\/p>\n\n\n\n<p>  <\/p>\n\n\n\n<div class=\"wp-block-group\"><div class=\"wp-block-group__inner-container is-layout-flow wp-block-group-is-layout-flow\">\n<div class=\"wp-block-group\"><div class=\"wp-block-group__inner-container is-layout-flow wp-block-group-is-layout-flow\">\n<h3 class=\"wp-block-heading has-text-align-left\"><a href=\"http:\/\/www.kfukm.fi\/\">Helsingfors KFUK\/M Scouter<\/a>, Helsinki<\/h3>\n<\/div><\/div>\n\n\n\n<h3 class=\"wp-block-heading\"><a href=\"http:\/\/hesi.fi\" data-type=\"link\" data-id=\"hesi.fi\">Helsingin Siniset<\/a>, Helsinki<\/h3>\n\n\n\n<h3 class=\"wp-block-heading\"><a href=\"https:\/\/laajasalonsiniset.fi\/\">Laajasalon Siniset<\/a>, Helsinki<\/h3>\n\n\n\n<h3 class=\"wp-block-heading\"><a href=\"https:\/\/www.rastipartio.fi\">Rastipartio<\/a>, Helsinki<\/h3>\n\n\n\n<h3 class=\"wp-block-heading\"><a href=\"http:\/\/seaboys.fi\">Sj\u00f6scoutk\u00e5ren Seaboys<\/a>, Helsinki<\/h3>\n\n\n\n<h3 class=\"wp-block-heading\"><a href=\"https:\/\/harjunpartiotytot.partioscout.fi\/\">Harjun Partiotyt\u00f6t<\/a>, Jyv\u00e4skyl\u00e4<\/h3>\n\n\n\n<h3 class=\"wp-block-heading\"><a href=\"http:\/\/www.reippaatpojat.fi\">Reippaat Pojat<\/a>, Jyv\u00e4skyl\u00e4<\/h3>\n\n\n\n<h3 class=\"wp-block-heading\"><a href=\"https:\/\/ymcakuopio.fi\/puijonpojat\/\">Puijon Pojat<\/a>, Kuopio<\/h3>\n\n\n\n<h3 class=\"wp-block-heading\"><a href=\"http:\/\/pv.onmky.fi\">Pohjan Veikot<\/a>, Oulu<\/h3>\n\n\n\n<h3 class=\"wp-block-heading\"><a href=\"https:\/\/www.tampereenkotkat.fi\">Tampereen Kotkat<\/a>, Tampere<\/h3>\n\n\n\n<h3 class=\"wp-block-heading\"><a href=\"http:\/\/www.tampereenlokit.fi\">Tampereen Lokit<\/a>, Tampere<\/h3>\n\n\n\n<h3 class=\"wp-block-heading\"><a href=\"https:\/\/atpscouts.fi\/\">Auran T\u00e4hti Pojat ja Tyt\u00f6t<\/a>, Turku<\/h3>\n\n\n\n<h3 class=\"wp-block-heading\"><a href=\"http:\/\/koffan.scout.fi\/hem\/\">KFUM:s Scouter Kamraterna<\/a>, Turku<\/h3>\n\n\n\n<h3 class=\"wp-block-heading\"><a href=\"https:\/\/turuntahtitytot.fi\/\">Turun T\u00e4hti-Tyt\u00f6t<\/a>, Turku<\/h3>\n\n\n\n<h3 class=\"wp-block-heading\"><\/h3>\n<\/div><\/div>\n\n\n\n<div style=\"height:32px\" aria-hidden=\"true\" class=\"wp-block-spacer desktop-only\"><\/div>\n\n\n\n<div class=\"wp-block-columns alignwide has-3-columns is-layout-flex wp-container-core-columns-is-layout-9d6595d7 wp-block-columns-is-layout-flex\">\n<div class=\"wp-block-column is-layout-flow wp-block-column-is-layout-flow\"><\/div>\n\n\n\n<div class=\"wp-block-column is-layout-flow wp-block-column-is-layout-flow\"><\/div>\n<\/div>\n\n\n\n<div style=\"height:32px\" aria-hidden=\"true\" class=\"wp-block-spacer desktop-only\"><\/div>\n\n\n\n<hr class=\"wp-block-separator has-css-opacity is-style-wide\"\/>\n\n\n\n<div style=\"height:32px\" aria-hidden=\"true\" class=\"wp-block-spacer\"><\/div>\n","protected":false},"excerpt":{"rendered":"<p>Y-Scouts\u00a0lippukunnista l\u00f6ytyy niin pieni\u00e4 kuin suuria lippukuntia ja toimintaa on niin merell\u00e4 kuin mets\u00e4ss\u00e4. Lippukuntia l\u00f6ytyy yhteens\u00e4 14 ymp\u00e4ri Suomen: Oulu, Helsinki, Tampere, Turku, Kuopio ja Jyv\u00e4skyl\u00e4. Helsingfors KFUK\/M Scouter, Helsinki Helsingin Siniset, Helsinki Laajasalon Siniset, Helsinki Rastipartio, Helsinki Sj\u00f6scoutk\u00e5ren Seaboys, Helsinki Harjun Partiotyt\u00f6t, Jyv\u00e4skyl\u00e4 Reippaat Pojat, Jyv\u00e4skyl\u00e4 Puijon Pojat, Kuopio Pohjan Veikot, Oulu Tampereen<a class=\"more-link\" href=\"https:\/\/ymca.fi\/Y-Scouts\/lippukunnat\/\">Continue reading <span class=\"screen-reader-text\">&#8221;Lippukunnat&#8221;<\/span><\/a><\/p>\n","protected":false},"author":1,"featured_media":0,"parent":0,"menu_order":0,"comment_status":"closed","ping_status":"closed","template":"","meta":{"footnotes":""},"class_list":["post-31","page","type-page","status-publish","hentry","entry"],"jetpack_sharing_enabled":true,"_links":{"self":[{"href":"https:\/\/ymca.fi\/Y-Scouts\/wp-json\/wp\/v2\/pages\/31","targetHints":{"allow":["GET"]}}],"collection":[{"href":"https:\/\/ymca.fi\/Y-Scouts\/wp-json\/wp\/v2\/pages"}],"about":[{"href":"https:\/\/ymca.fi\/Y-Scouts\/wp-json\/wp\/v2\/types\/page"}],"author":[{"embeddable":true,"href":"https:\/\/ymca.fi\/Y-Scouts\/wp-json\/wp\/v2\/users\/1"}],"replies":[{"embeddable":true,"href":"https:\/\/ymca.fi\/Y-Scouts\/wp-json\/wp\/v2\/comments?post=31"}],"version-history":[{"count":15,"href":"https:\/\/ymca.fi\/Y-Scouts\/wp-json\/wp\/v2\/pages\/31\/revisions"}],"predecessor-version":[{"id":859,"href":"https:\/\/ymca.fi\/Y-Scouts\/wp-json\/wp\/v2\/pages\/31\/revisions\/859"}],"wp:attachment":[{"href":"https:\/\/ymca.fi\/Y-Scouts\/wp-json\/wp\/v2\/media?parent=31"}],"curies":[{"name":"wp","href":"https:\/\/api.w.org\/{rel}","templated":true}]}}